{"id":1085,"date":"2021-02-15T23:02:27","date_gmt":"2021-02-15T19:02:27","guid":{"rendered":"https:\/\/posthouserooms.com.ua\/?page_id=1085"},"modified":"2025-06-03T11:42:24","modified_gmt":"2025-06-03T07:42:24","slug":"room2-2bdbath","status":"publish","type":"page","link":"https:\/\/posthouserooms.com.ua\/de\/rooms\/room2-2bdbath\/","title":{"rendered":"Standard Post House"},"content":{"rendered":"\r\n<p>Doppelbett, Nachttische, Tisch und St\u00fchle, TV, Schrank, Wi-Fi, Klimaanlage, Badezimmer.<\/p>\r\n<p>Ein k\u00f6stliches und ausgezeichnetes Fr\u00fchst\u00fcck kann auch bei uns bestellt werden. Fr\u00fchst\u00fcckspreis \u2013 270 UAH pro Person.<\/p>\r\n","protected":false},"excerpt":{"rendered":"<p>Doppelbett, Nachttische, Tisch und St\u00fchle, TV, Schrank, Wi-Fi, Klimaanlage, Badezimmer. Ein k\u00f6stliches und ausgezeichnetes Fr\u00fchst\u00fcck kann auch bei uns bestellt werden. Fr\u00fchst\u00fcckspreis \u2013 270 UAH pro Person.<\/p>\n","protected":false},"author":1,"featured_media":1134,"parent":1072,"menu_order":2,"comment_status":"closed","ping_status":"closed","template":"page-templates\/room-preview.php","meta":{"footnotes":""},"class_list":["post-1085","page","type-page","status-publish","has-post-thumbnail","hentry"],"aioseo_notices":[],"_links":{"self":[{"href":"https:\/\/posthouserooms.com.ua\/de\/wp-json\/wp\/v2\/pages\/1085","targetHints":{"allow":["GET"]}}],"collection":[{"href":"https:\/\/posthouserooms.com.ua\/de\/wp-json\/wp\/v2\/pages"}],"about":[{"href":"https:\/\/posthouserooms.com.ua\/de\/wp-json\/wp\/v2\/types\/page"}],"author":[{"embeddable":true,"href":"https:\/\/posthouserooms.com.ua\/de\/wp-json\/wp\/v2\/users\/1"}],"replies":[{"embeddable":true,"href":"https:\/\/posthouserooms.com.ua\/de\/wp-json\/wp\/v2\/comments?post=1085"}],"version-history":[{"count":53,"href":"https:\/\/posthouserooms.com.ua\/de\/wp-json\/wp\/v2\/pages\/1085\/revisions"}],"predecessor-version":[{"id":1703,"href":"https:\/\/posthouserooms.com.ua\/de\/wp-json\/wp\/v2\/pages\/1085\/revisions\/1703"}],"up":[{"embeddable":true,"href":"https:\/\/posthouserooms.com.ua\/de\/wp-json\/wp\/v2\/pages\/1072"}],"wp:featuredmedia":[{"embeddable":true,"href":"https:\/\/posthouserooms.com.ua\/de\/wp-json\/wp\/v2\/media\/1134"}],"wp:attachment":[{"href":"https:\/\/posthouserooms.com.ua\/de\/wp-json\/wp\/v2\/media?parent=1085"}],"curies":[{"name":"wp","href":"https:\/\/api.w.org\/{rel}","templated":true}]}}