{"id":1089,"date":"2021-02-15T23:09:35","date_gmt":"2021-02-15T19:09:35","guid":{"rendered":"https:\/\/posthouserooms.com.ua\/?page_id=1089"},"modified":"2025-06-03T11:52:31","modified_gmt":"2025-06-03T07:52:31","slug":"room3-2bdwbath","status":"publish","type":"page","link":"https:\/\/posthouserooms.com.ua\/de\/rooms\/room3-2bdwbath\/","title":{"rendered":"Deluxe Post House"},"content":{"rendered":"\r\n<p>Doppelbett, Nachttische, Tisch und St\u00fchle, TV, Schrank, Wi-Fi, Klimaanlage, Badezimmer.<\/p>\r\n<p>Ein k\u00f6stliches und ausgezeichnetes Fr\u00fchst\u00fcck kann auch bei uns bestellt werden. Fr\u00fchst\u00fcckspreis \u2013 270 UAH pro Person.<\/p>\r\n","protected":false},"excerpt":{"rendered":"<p>Doppelbett, Nachttische, Tisch und St\u00fchle, TV, Schrank, Wi-Fi, Klimaanlage, Badezimmer. Ein k\u00f6stliches und ausgezeichnetes Fr\u00fchst\u00fcck kann auch bei uns bestellt werden. Fr\u00fchst\u00fcckspreis \u2013 270 UAH pro Person.<\/p>\n","protected":false},"author":1,"featured_media":1119,"parent":1072,"menu_order":3,"comment_status":"closed","ping_status":"closed","template":"page-templates\/room-preview.php","meta":{"footnotes":""},"class_list":["post-1089","page","type-page","status-publish","has-post-thumbnail","hentry"],"aioseo_notices":[],"_links":{"self":[{"href":"https:\/\/posthouserooms.com.ua\/de\/wp-json\/wp\/v2\/pages\/1089","targetHints":{"allow":["GET"]}}],"collection":[{"href":"https:\/\/posthouserooms.com.ua\/de\/wp-json\/wp\/v2\/pages"}],"about":[{"href":"https:\/\/posthouserooms.com.ua\/de\/wp-json\/wp\/v2\/types\/page"}],"author":[{"embeddable":true,"href":"https:\/\/posthouserooms.com.ua\/de\/wp-json\/wp\/v2\/users\/1"}],"replies":[{"embeddable":true,"href":"https:\/\/posthouserooms.com.ua\/de\/wp-json\/wp\/v2\/comments?post=1089"}],"version-history":[{"count":44,"href":"https:\/\/posthouserooms.com.ua\/de\/wp-json\/wp\/v2\/pages\/1089\/revisions"}],"predecessor-version":[{"id":1723,"href":"https:\/\/posthouserooms.com.ua\/de\/wp-json\/wp\/v2\/pages\/1089\/revisions\/1723"}],"up":[{"embeddable":true,"href":"https:\/\/posthouserooms.com.ua\/de\/wp-json\/wp\/v2\/pages\/1072"}],"wp:featuredmedia":[{"embeddable":true,"href":"https:\/\/posthouserooms.com.ua\/de\/wp-json\/wp\/v2\/media\/1119"}],"wp:attachment":[{"href":"https:\/\/posthouserooms.com.ua\/de\/wp-json\/wp\/v2\/media?parent=1089"}],"curies":[{"name":"wp","href":"https:\/\/api.w.org\/{rel}","templated":true}]}}