{"id":1093,"date":"2021-02-15T23:20:26","date_gmt":"2021-02-15T19:20:26","guid":{"rendered":"https:\/\/posthouserooms.com.ua\/?page_id=1093"},"modified":"2025-06-03T11:47:12","modified_gmt":"2025-06-03T07:47:12","slug":"room5-2bdwbath","status":"publish","type":"page","link":"https:\/\/posthouserooms.com.ua\/de\/rooms\/room5-2bdwbath\/","title":{"rendered":"Standard Post House"},"content":{"rendered":"\r\n<p>Zwei einzelne Betten, ein Etagenbett, individuelle Beleuchtung \u00fcber jedes Bett, individuelle kleine Schr\u00e4nke mit Schl\u00fcsseln, B\u00fcgel, Tisch und St\u00fchle, TV, Wi-Fi, Klimaanlage, Badezimmer.<\/p>\r\n<p>Ein k\u00f6stliches und ausgezeichnetes Fr\u00fchst\u00fcck kann auch bei uns bestellt werden. Fr\u00fchst\u00fcckspreis \u2013 270 UAH pro Person.<\/p>\r\n","protected":false},"excerpt":{"rendered":"<p>Zwei einzelne Betten, ein Etagenbett, individuelle Beleuchtung \u00fcber jedes Bett, individuelle kleine Schr\u00e4nke mit Schl\u00fcsseln, B\u00fcgel, Tisch und St\u00fchle, TV, Wi-Fi, Klimaanlage, Badezimmer. Ein k\u00f6stliches und ausgezeichnetes Fr\u00fchst\u00fcck kann auch bei uns bestellt werden. Fr\u00fchst\u00fcckspreis \u2013 270 UAH pro Person.<\/p>\n","protected":false},"author":1,"featured_media":1167,"parent":1072,"menu_order":5,"comment_status":"closed","ping_status":"closed","template":"page-templates\/room-preview.php","meta":{"footnotes":""},"class_list":["post-1093","page","type-page","status-publish","has-post-thumbnail","hentry"],"aioseo_notices":[],"_links":{"self":[{"href":"https:\/\/posthouserooms.com.ua\/de\/wp-json\/wp\/v2\/pages\/1093","targetHints":{"allow":["GET"]}}],"collection":[{"href":"https:\/\/posthouserooms.com.ua\/de\/wp-json\/wp\/v2\/pages"}],"about":[{"href":"https:\/\/posthouserooms.com.ua\/de\/wp-json\/wp\/v2\/types\/page"}],"author":[{"embeddable":true,"href":"https:\/\/posthouserooms.com.ua\/de\/wp-json\/wp\/v2\/users\/1"}],"replies":[{"embeddable":true,"href":"https:\/\/posthouserooms.com.ua\/de\/wp-json\/wp\/v2\/comments?post=1093"}],"version-history":[{"count":61,"href":"https:\/\/posthouserooms.com.ua\/de\/wp-json\/wp\/v2\/pages\/1093\/revisions"}],"predecessor-version":[{"id":1714,"href":"https:\/\/posthouserooms.com.ua\/de\/wp-json\/wp\/v2\/pages\/1093\/revisions\/1714"}],"up":[{"embeddable":true,"href":"https:\/\/posthouserooms.com.ua\/de\/wp-json\/wp\/v2\/pages\/1072"}],"wp:featuredmedia":[{"embeddable":true,"href":"https:\/\/posthouserooms.com.ua\/de\/wp-json\/wp\/v2\/media\/1167"}],"wp:attachment":[{"href":"https:\/\/posthouserooms.com.ua\/de\/wp-json\/wp\/v2\/media?parent=1093"}],"curies":[{"name":"wp","href":"https:\/\/api.w.org\/{rel}","templated":true}]}}