{"id":1098,"date":"2021-02-15T23:29:51","date_gmt":"2021-02-15T19:29:51","guid":{"rendered":"https:\/\/posthouserooms.com.ua\/?page_id=1098"},"modified":"2025-06-03T11:50:32","modified_gmt":"2025-06-03T07:50:32","slug":"room6-2bdwbath","status":"publish","type":"page","link":"https:\/\/posthouserooms.com.ua\/de\/rooms\/room6-2bdwbath\/","title":{"rendered":"Economy Post House (privates externes Badezimmer)"},"content":{"rendered":"<p>Podium-Bett f\u00fcr zwei, Tisch und St\u00fchle, Schrank, TV, Wi-Fi, Klimaanlage. Eigenes Bad (Dusche, Toilette) au\u00dferhalb des Zimmers. Ein k\u00f6stliches und ausgezeichnetes Fr\u00fchst\u00fcck kann auch bei uns bestellt werden. Fr\u00fchst\u00fcckspreis \u2013 270 UAH pro Person.<\/p>\r\n<!-- \/wp:post-content -->","protected":false},"excerpt":{"rendered":"<p>Podium-Bett f\u00fcr zwei, Tisch und St\u00fchle, Schrank, TV, Wi-Fi, Klimaanlage. Eigenes Bad (Dusche, Toilette) au\u00dferhalb des Zimmers. Ein k\u00f6stliches und ausgezeichnetes Fr\u00fchst\u00fcck kann auch bei uns bestellt werden. Fr\u00fchst\u00fcckspreis \u2013 270 UAH pro Person.<\/p>\n","protected":false},"author":1,"featured_media":176,"parent":1072,"menu_order":6,"comment_status":"closed","ping_status":"closed","template":"page-templates\/room-preview.php","meta":{"footnotes":""},"class_list":["post-1098","page","type-page","status-publish","has-post-thumbnail","hentry"],"aioseo_notices":[],"_links":{"self":[{"href":"https:\/\/posthouserooms.com.ua\/de\/wp-json\/wp\/v2\/pages\/1098","targetHints":{"allow":["GET"]}}],"collection":[{"href":"https:\/\/posthouserooms.com.ua\/de\/wp-json\/wp\/v2\/pages"}],"about":[{"href":"https:\/\/posthouserooms.com.ua\/de\/wp-json\/wp\/v2\/types\/page"}],"author":[{"embeddable":true,"href":"https:\/\/posthouserooms.com.ua\/de\/wp-json\/wp\/v2\/users\/1"}],"replies":[{"embeddable":true,"href":"https:\/\/posthouserooms.com.ua\/de\/wp-json\/wp\/v2\/comments?post=1098"}],"version-history":[{"count":55,"href":"https:\/\/posthouserooms.com.ua\/de\/wp-json\/wp\/v2\/pages\/1098\/revisions"}],"predecessor-version":[{"id":1718,"href":"https:\/\/posthouserooms.com.ua\/de\/wp-json\/wp\/v2\/pages\/1098\/revisions\/1718"}],"up":[{"embeddable":true,"href":"https:\/\/posthouserooms.com.ua\/de\/wp-json\/wp\/v2\/pages\/1072"}],"wp:featuredmedia":[{"embeddable":true,"href":"https:\/\/posthouserooms.com.ua\/de\/wp-json\/wp\/v2\/media\/176"}],"wp:attachment":[{"href":"https:\/\/posthouserooms.com.ua\/de\/wp-json\/wp\/v2\/media?parent=1098"}],"curies":[{"name":"wp","href":"https:\/\/api.w.org\/{rel}","templated":true}]}}