{"id":1103,"date":"2021-02-15T23:39:23","date_gmt":"2021-02-15T19:39:23","guid":{"rendered":"https:\/\/posthouserooms.com.ua\/?page_id=1103"},"modified":"2025-06-03T11:51:42","modified_gmt":"2025-06-03T07:51:42","slug":"room7-2bdwbath","status":"publish","type":"page","link":"https:\/\/posthouserooms.com.ua\/de\/rooms\/room7-2bdwbath\/","title":{"rendered":"Economy Post House (privates externes Badezimmer)"},"content":{"rendered":"<p>Zwei einzelne Betten (f\u00fcr 2 Personen), individuelle kleine Schr\u00e4nke mit Schl\u00fcsseln, Tisch mit St\u00fchle, Garderobe, TV, Wi-Fi, Klimaanlage. Eigenes Bad (Dusche, Toilette) au\u00dferhalb des Zimmers.<\/p>\n<p>Ein k\u00f6stliches und ausgezeichnetes Fr\u00fchst\u00fcck kann auch bei uns bestellt werden. Fr\u00fchst\u00fcckspreis \u2013 270 UAH pro Person.<\/p>\n","protected":false},"excerpt":{"rendered":"<p>Zwei einzelne Betten (f\u00fcr 2 Personen), individuelle kleine Schr\u00e4nke mit Schl\u00fcsseln, Tisch mit St\u00fchle, Garderobe, TV, Wi-Fi, Klimaanlage. Eigenes Bad (Dusche, Toilette) au\u00dferhalb des Zimmers. Ein k\u00f6stliches und ausgezeichnetes Fr\u00fchst\u00fcck kann auch bei uns bestellt werden. Fr\u00fchst\u00fcckspreis \u2013 270 UAH pro Person.<\/p>\n","protected":false},"author":1,"featured_media":180,"parent":1072,"menu_order":7,"comment_status":"closed","ping_status":"closed","template":"page-templates\/room-preview.php","meta":{"footnotes":""},"class_list":["post-1103","page","type-page","status-publish","has-post-thumbnail","hentry"],"aioseo_notices":[],"_links":{"self":[{"href":"https:\/\/posthouserooms.com.ua\/de\/wp-json\/wp\/v2\/pages\/1103","targetHints":{"allow":["GET"]}}],"collection":[{"href":"https:\/\/posthouserooms.com.ua\/de\/wp-json\/wp\/v2\/pages"}],"about":[{"href":"https:\/\/posthouserooms.com.ua\/de\/wp-json\/wp\/v2\/types\/page"}],"author":[{"embeddable":true,"href":"https:\/\/posthouserooms.com.ua\/de\/wp-json\/wp\/v2\/users\/1"}],"replies":[{"embeddable":true,"href":"https:\/\/posthouserooms.com.ua\/de\/wp-json\/wp\/v2\/comments?post=1103"}],"version-history":[{"count":60,"href":"https:\/\/posthouserooms.com.ua\/de\/wp-json\/wp\/v2\/pages\/1103\/revisions"}],"predecessor-version":[{"id":1722,"href":"https:\/\/posthouserooms.com.ua\/de\/wp-json\/wp\/v2\/pages\/1103\/revisions\/1722"}],"up":[{"embeddable":true,"href":"https:\/\/posthouserooms.com.ua\/de\/wp-json\/wp\/v2\/pages\/1072"}],"wp:featuredmedia":[{"embeddable":true,"href":"https:\/\/posthouserooms.com.ua\/de\/wp-json\/wp\/v2\/media\/180"}],"wp:attachment":[{"href":"https:\/\/posthouserooms.com.ua\/de\/wp-json\/wp\/v2\/media?parent=1103"}],"curies":[{"name":"wp","href":"https:\/\/api.w.org\/{rel}","templated":true}]}}