{"id":1660,"date":"2024-01-22T22:14:12","date_gmt":"2024-01-22T18:14:12","guid":{"rendered":"https:\/\/posthouserooms.com.ua\/en\/?page_id=1660"},"modified":"2025-06-03T11:41:12","modified_gmt":"2025-06-03T07:41:12","slug":"standard-post-house","status":"publish","type":"page","link":"https:\/\/posthouserooms.com.ua\/de\/rooms\/standard-post-house\/","title":{"rendered":"Standard Post House"},"content":{"rendered":"<p>Doppelbett, Nachttische, Tisch und St\u00fchle, TV, Schrank, Wi-Fi, Klimaanlage, Badezimmer. Ein k\u00f6stliches und ausgezeichnetes Fr\u00fchst\u00fcck kann auch bei uns bestellt werden. Fr\u00fchst\u00fcckspreis \u2013 270 UAH pro Person.<\/p>\r\n<!-- \/wp:post-content -->\r\n\r\n<!-- wp:tadv\/classic-paragraph \/-->","protected":false},"excerpt":{"rendered":"<p>Doppelbett, Nachttische, Tisch und St\u00fchle, TV, Schrank, Wi-Fi, Klimaanlage, Badezimmer. Ein k\u00f6stliches und ausgezeichnetes Fr\u00fchst\u00fcck kann auch bei uns bestellt werden. Fr\u00fchst\u00fcckspreis \u2013 270 UAH pro Person.<\/p>\n","protected":false},"author":2,"featured_media":166,"parent":1072,"menu_order":1,"comment_status":"closed","ping_status":"closed","template":"page-templates\/room-preview.php","meta":{"footnotes":""},"class_list":["post-1660","page","type-page","status-publish","has-post-thumbnail","hentry"],"aioseo_notices":[],"_links":{"self":[{"href":"https:\/\/posthouserooms.com.ua\/de\/wp-json\/wp\/v2\/pages\/1660","targetHints":{"allow":["GET"]}}],"collection":[{"href":"https:\/\/posthouserooms.com.ua\/de\/wp-json\/wp\/v2\/pages"}],"about":[{"href":"https:\/\/posthouserooms.com.ua\/de\/wp-json\/wp\/v2\/types\/page"}],"author":[{"embeddable":true,"href":"https:\/\/posthouserooms.com.ua\/de\/wp-json\/wp\/v2\/users\/2"}],"replies":[{"embeddable":true,"href":"https:\/\/posthouserooms.com.ua\/de\/wp-json\/wp\/v2\/comments?post=1660"}],"version-history":[{"count":6,"href":"https:\/\/posthouserooms.com.ua\/de\/wp-json\/wp\/v2\/pages\/1660\/revisions"}],"predecessor-version":[{"id":1699,"href":"https:\/\/posthouserooms.com.ua\/de\/wp-json\/wp\/v2\/pages\/1660\/revisions\/1699"}],"up":[{"embeddable":true,"href":"https:\/\/posthouserooms.com.ua\/de\/wp-json\/wp\/v2\/pages\/1072"}],"wp:featuredmedia":[{"embeddable":true,"href":"https:\/\/posthouserooms.com.ua\/de\/wp-json\/wp\/v2\/media\/166"}],"wp:attachment":[{"href":"https:\/\/posthouserooms.com.ua\/de\/wp-json\/wp\/v2\/media?parent=1660"}],"curies":[{"name":"wp","href":"https:\/\/api.w.org\/{rel}","templated":true}]}}