{"id":4,"date":"2014-05-26T17:13:03","date_gmt":"2014-05-26T13:13:03","guid":{"rendered":"http:\/\/posthousehostel.com.ua\/?page_id=4"},"modified":"2021-06-26T11:07:01","modified_gmt":"2021-06-26T07:07:01","slug":"about","status":"publish","type":"page","link":"https:\/\/posthouserooms.com.ua\/de\/about\/","title":{"rendered":"\u00dcber uns"},"content":{"rendered":"<p>Post House Rooms ist ein neues traumhaftes mini hotel mit dem thematischen Verfasser-Design, zug\u00e4ngliche Preise und gastfreundliche Leistungsbereich und Unser Wohnheim befindet sich im Stadtzentrum des historisches Geb\u00e4ude Hauptpost gegen\u00fcber und in der N\u00e4he der anderen Sehensw\u00fcrdigkeiten der Lviv. Die Entfernung zum Pototskyi-Palast ist ca. 200 m, zum Iwan-Franko-Park &#8211; 250 m, zum Rynokplatz \u2013 700 m, zum Opernhaus \u2013 850m.<br \/>\nPost House Rooms bietet 7 komfortable Zimmer mit dem Verfasser-Design an.<br \/>\nVorteile f\u00fcr unsere G\u00e4ste:<br \/>\n&#8211; Zentrale Lage;<br \/>\n&#8211; zug\u00e4ngliche Preise;<br \/>\n&#8211; Wi-Fi;<br \/>\n&#8211; freundliches Personal;<br \/>\n&#8211; Parkplatz neben das Haus, im ein Hotel befindet sich (mit der Bedingung der Parkl\u00fccke);<br \/>\n&#8211; Klimaanlage gibt es in jedem Zimmer;<br \/>\n&#8211; komfortable Betten und Auflagen;<br \/>\n&#8211; fernseher in jedem Zimmer;<br \/>\n&#8211; komfortables Erholungsgebiet;<br \/>\n&#8211; thematisches Verfasser-Design.<\/p>\n<p>Kostenlose Dienstleistungen f\u00fcr unsere G\u00e4ste :<br \/>\n&#8211; Aufr\u00e4umen der Zimmer t\u00e4glich;<br \/>\n&#8211; K\u00fcchenaustattung (K\u00fchlschrank, Geschirrsp\u00fclmaschine, Mikrowelle);<br \/>\n&#8211; Stadtplan;<br \/>\n&#8211; Platzreservierung im Restaurant\/Caf\u00e9;<br \/>\n&#8211; Taxi;<br \/>\n&#8211; Touristeninformation.<\/p>\n<p>Interessante Information f\u00fcr Besucher: das Geb\u00e4ude, in dem sich unser hotel befindet, hat einen besonderen Wert und Bedeutung. Hier wohnte der bekannteste polnische Architekt Siegmunt Gorgilewskyi. Er ist Autor von zahlreichen Geb\u00e4uden in Deutschland, in Polen und von unserem bekannten Opernhaus in Lwiw.<\/p>\n","protected":false},"excerpt":{"rendered":"<p>Post House Rooms ist ein neues traumhaftes mini hotel mit dem thematischen Verfasser-Design, zug\u00e4ngliche Preise und gastfreundliche Leistungsbereich und Unser Wohnheim befindet sich im Stadtzentrum des historisches Geb\u00e4ude Hauptpost gegen\u00fcber und in der N\u00e4he der anderen Sehensw\u00fcrdigkeiten der Lviv. Die Entfernung zum Pototskyi-Palast ist ca. 200 m, zum Iwan-Franko-Park &#8211; 250 m, zum Rynokplatz \u2013 &hellip; <a href=\"https:\/\/posthouserooms.com.ua\/de\/about\/\" class=\"more-link\"><span class=\"screen-reader-text\">\u00dcber uns<\/span> weiterlesen <span class=\"meta-nav\">&rarr;<\/span><\/a><\/p>\n","protected":false},"author":1,"featured_media":154,"parent":0,"menu_order":0,"comment_status":"closed","ping_status":"closed","template":"","meta":{"footnotes":""},"class_list":["post-4","page","type-page","status-publish","has-post-thumbnail","hentry"],"aioseo_notices":[],"_links":{"self":[{"href":"https:\/\/posthouserooms.com.ua\/de\/wp-json\/wp\/v2\/pages\/4","targetHints":{"allow":["GET"]}}],"collection":[{"href":"https:\/\/posthouserooms.com.ua\/de\/wp-json\/wp\/v2\/pages"}],"about":[{"href":"https:\/\/posthouserooms.com.ua\/de\/wp-json\/wp\/v2\/types\/page"}],"author":[{"embeddable":true,"href":"https:\/\/posthouserooms.com.ua\/de\/wp-json\/wp\/v2\/users\/1"}],"replies":[{"embeddable":true,"href":"https:\/\/posthouserooms.com.ua\/de\/wp-json\/wp\/v2\/comments?post=4"}],"version-history":[{"count":36,"href":"https:\/\/posthouserooms.com.ua\/de\/wp-json\/wp\/v2\/pages\/4\/revisions"}],"predecessor-version":[{"id":1348,"href":"https:\/\/posthouserooms.com.ua\/de\/wp-json\/wp\/v2\/pages\/4\/revisions\/1348"}],"wp:featuredmedia":[{"embeddable":true,"href":"https:\/\/posthouserooms.com.ua\/de\/wp-json\/wp\/v2\/media\/154"}],"wp:attachment":[{"href":"https:\/\/posthouserooms.com.ua\/de\/wp-json\/wp\/v2\/media?parent=4"}],"curies":[{"name":"wp","href":"https:\/\/api.w.org\/{rel}","templated":true}]}}