{"id":1027,"date":"2021-02-13T19:01:06","date_gmt":"2021-02-13T15:01:06","guid":{"rendered":"https:\/\/posthouserooms.com.ua\/?page_id=1027"},"modified":"2025-06-03T11:40:04","modified_gmt":"2025-06-03T07:40:04","slug":"room1-2bdwbath","status":"publish","type":"page","link":"https:\/\/posthouserooms.com.ua\/pl\/rooms\/room1-2bdwbath\/","title":{"rendered":"Standard Post House"},"content":{"rendered":"<p>Podw\u00f3jne \u0142\u00f3\u017cko, stoliki nocne, stolik i krzes\u0142a, szafa, telewizor, darmowe Wi-Fi, klimatyzacja, kabina prysznicowa i toaleta.<\/p>\r\n<p>Pyszne i znakomite \u015bniadanie r\u00f3wnie\u017c mo\u017cna zam\u00f3wi\u0107 u nas. Cena \u015bniadania \u2013 270 UAH za osob\u0119.<\/p>\r\n","protected":false},"excerpt":{"rendered":"<p>Podw\u00f3jne \u0142\u00f3\u017cko, stoliki nocne, stolik i krzes\u0142a, szafa, telewizor, darmowe Wi-Fi, klimatyzacja, kabina prysznicowa i toaleta. Pyszne i znakomite \u015bniadanie r\u00f3wnie\u017c mo\u017cna zam\u00f3wi\u0107 u nas. Cena \u015bniadania \u2013 270 UAH za osob\u0119.<\/p>\n","protected":false},"author":1,"featured_media":166,"parent":1072,"menu_order":1,"comment_status":"closed","ping_status":"closed","template":"page-templates\/room-preview.php","meta":{"footnotes":""},"class_list":["post-1027","page","type-page","status-publish","has-post-thumbnail","hentry"],"aioseo_notices":[],"_links":{"self":[{"href":"https:\/\/posthouserooms.com.ua\/pl\/wp-json\/wp\/v2\/pages\/1027","targetHints":{"allow":["GET"]}}],"collection":[{"href":"https:\/\/posthouserooms.com.ua\/pl\/wp-json\/wp\/v2\/pages"}],"about":[{"href":"https:\/\/posthouserooms.com.ua\/pl\/wp-json\/wp\/v2\/types\/page"}],"author":[{"embeddable":true,"href":"https:\/\/posthouserooms.com.ua\/pl\/wp-json\/wp\/v2\/users\/1"}],"replies":[{"embeddable":true,"href":"https:\/\/posthouserooms.com.ua\/pl\/wp-json\/wp\/v2\/comments?post=1027"}],"version-history":[{"count":54,"href":"https:\/\/posthouserooms.com.ua\/pl\/wp-json\/wp\/v2\/pages\/1027\/revisions"}],"predecessor-version":[{"id":1695,"href":"https:\/\/posthouserooms.com.ua\/pl\/wp-json\/wp\/v2\/pages\/1027\/revisions\/1695"}],"up":[{"embeddable":true,"href":"https:\/\/posthouserooms.com.ua\/pl\/wp-json\/wp\/v2\/pages\/1072"}],"wp:featuredmedia":[{"embeddable":true,"href":"https:\/\/posthouserooms.com.ua\/pl\/wp-json\/wp\/v2\/media\/166"}],"wp:attachment":[{"href":"https:\/\/posthouserooms.com.ua\/pl\/wp-json\/wp\/v2\/media?parent=1027"}],"curies":[{"name":"wp","href":"https:\/\/api.w.org\/{rel}","templated":true}]}}