{"id":1089,"date":"2021-02-15T23:09:35","date_gmt":"2021-02-15T19:09:35","guid":{"rendered":"https:\/\/posthouserooms.com.ua\/?page_id=1089"},"modified":"2025-06-03T11:52:31","modified_gmt":"2025-06-03T07:52:31","slug":"room3-2bdwbath","status":"publish","type":"page","link":"https:\/\/posthouserooms.com.ua\/pl\/rooms\/room3-2bdwbath\/","title":{"rendered":"Superior Post House"},"content":{"rendered":"\r\n<p>Podw\u00f3jne \u0142\u00f3\u017cko, stoliki nocne, stolik i krzes\u0142a, szafa, telewizor, darmowe Wi-Fi, klimatyzacja, kabina prysznicowa i toaleta.<\/p>\r\n<p>Pyszne i znakomite \u015bniadanie r\u00f3wnie\u017c mo\u017cna zam\u00f3wi\u0107 u nas.<br \/>Cena \u015bniadania \u2013 270 UAH za osob\u0119.<\/p>\r\n","protected":false},"excerpt":{"rendered":"<p>Podw\u00f3jne \u0142\u00f3\u017cko, stoliki nocne, stolik i krzes\u0142a, szafa, telewizor, darmowe Wi-Fi, klimatyzacja, kabina prysznicowa i toaleta. Pyszne i znakomite \u015bniadanie r\u00f3wnie\u017c mo\u017cna zam\u00f3wi\u0107 u nas.Cena \u015bniadania \u2013 270 UAH za osob\u0119.<\/p>\n","protected":false},"author":1,"featured_media":1119,"parent":1072,"menu_order":3,"comment_status":"closed","ping_status":"closed","template":"page-templates\/room-preview.php","meta":{"footnotes":""},"class_list":["post-1089","page","type-page","status-publish","has-post-thumbnail","hentry"],"aioseo_notices":[],"_links":{"self":[{"href":"https:\/\/posthouserooms.com.ua\/pl\/wp-json\/wp\/v2\/pages\/1089","targetHints":{"allow":["GET"]}}],"collection":[{"href":"https:\/\/posthouserooms.com.ua\/pl\/wp-json\/wp\/v2\/pages"}],"about":[{"href":"https:\/\/posthouserooms.com.ua\/pl\/wp-json\/wp\/v2\/types\/page"}],"author":[{"embeddable":true,"href":"https:\/\/posthouserooms.com.ua\/pl\/wp-json\/wp\/v2\/users\/1"}],"replies":[{"embeddable":true,"href":"https:\/\/posthouserooms.com.ua\/pl\/wp-json\/wp\/v2\/comments?post=1089"}],"version-history":[{"count":44,"href":"https:\/\/posthouserooms.com.ua\/pl\/wp-json\/wp\/v2\/pages\/1089\/revisions"}],"predecessor-version":[{"id":1723,"href":"https:\/\/posthouserooms.com.ua\/pl\/wp-json\/wp\/v2\/pages\/1089\/revisions\/1723"}],"up":[{"embeddable":true,"href":"https:\/\/posthouserooms.com.ua\/pl\/wp-json\/wp\/v2\/pages\/1072"}],"wp:featuredmedia":[{"embeddable":true,"href":"https:\/\/posthouserooms.com.ua\/pl\/wp-json\/wp\/v2\/media\/1119"}],"wp:attachment":[{"href":"https:\/\/posthouserooms.com.ua\/pl\/wp-json\/wp\/v2\/media?parent=1089"}],"curies":[{"name":"wp","href":"https:\/\/api.w.org\/{rel}","templated":true}]}}