{"id":11,"date":"2014-05-26T17:26:56","date_gmt":"2014-05-26T13:26:56","guid":{"rendered":"http:\/\/posthousehostel.com.ua\/?page_id=11"},"modified":"2023-08-17T17:53:54","modified_gmt":"2023-08-17T13:53:54","slug":"contacts","status":"publish","type":"page","link":"https:\/\/posthouserooms.com.ua\/pl\/contacts\/","title":{"rendered":"Kontakt"},"content":{"rendered":"<p>ul. S\u0142owackiego 8<br \/>\n82000 Lw\u00f3w<br \/>\nUkraina<br \/>\ntel. kom\u00f3rkowy: +38 097 088 79 00<br \/>\ntel. kom\u00f3rkowy: +38 099 78 77 630<br \/>\ne-mail: posthousehostel@gmail.com<\/p>\n<p>Jak nas znale\u017a\u0107?<\/p>\n<p>1) Je\u017celi przyjechali Pa\u0144stwo na dworzec kolejowy, nale\u017cy:<br \/>\n\u2013 wsi\u0105\u015b\u0107 do tramwaju \u21161 i dojecha\u0107 do przystanku \u201ePoczta g\u0142\u00f3wna\u201d. Post House Rooms<br \/>\nznajduje si\u0119 naprzeciwko g\u0142\u00f3wnego wej\u015bcia do budynku Ukrpoczty (ok. 250 m od<br \/>\nprzystanku). Cena biletu tramwajowego wynosi 10 UAH, bilet mo\u017cna kupi\u0107 na przystanku<br \/>\ntramwajowym lub bezpo\u015brednio u kierowcy. Godziny pracy \u2013 6:30 \u2013 22:00.<\/p>\n<p>2) Je\u017celi przybyli Pa\u0144stwo na lotnisko, nale\u017cy:<br \/>\n\u2013 wsi\u0105\u015b\u0107 do autobusu \u211648 i dojecha\u0107 do przystanku \u201ePoczta g\u0142\u00f3wna\u201d. Post House Rooms znajduje si\u0119 naprzeciwko g\u0142\u00f3wnego wej\u015bcia do budynku Ukrpoczty (ok. 250 m od<br \/>\nprzystanku). Cena biletu autobusowego wynosi 7 UAH, zap\u0142aci\u0107 za przejazd mo\u017cna<br \/>\nbezpo\u015brednio u kierowcy. Godziny pracy \u2013 6:00 \u2013 21:30.<\/p>\n<p>\u2013 lub wsi\u0105\u015b\u0107 do trolejbusu \u211629 i dojecha\u0107 do przystanku \u00abUniwersytet\u00bb. Post House<br \/>\nRooms znajduje si\u0119 naprzeciwko g\u0142\u00f3wnego wej\u015bcia do budynku Ukrpoczty (ok. 230 m od<br \/>\nprzystanku). Cena biletu trolejbusowego wynosi 5 UAH, bilet mo\u017cna kupi\u0107 bezpo\u015brednio<br \/>\nu kierowcy. Godziny pracy \u2013 6:30 \u2013 22:30.<\/p>\n<p>3) Je\u017celi przyjechali Pa\u0144stwo na g\u0142\u00f3wny dworzec autobusowy (ul. Stryjska 109), nale\u017cy:<br \/>\n\u2013 znale\u017a\u0107 autobus\u00a0 \u21169 i dojecha\u0107 do przystanku \u201ePoczta g\u0142\u00f3wna\u201d. Post House Rooms<br \/>\nznajduje si\u0119 naprzeciwko g\u0142\u00f3wnego wej\u015bcia do budynku Ukrpoczty (ok. 250 m od<br \/>\nprzystanku. Prosimy i\u015b\u0107 wzd\u0142u\u017c toru tramwajowego). Cena biletu autobusowego wynosi<br \/>\n15 UAH, zap\u0142aci\u0107 za przejazd mo\u017cna bezpo\u015brednio u kierowcy. Godziny pracy \u2013 6:15 \u2013<br \/>\n21:40.<\/p>\n","protected":false},"excerpt":{"rendered":"<p>ul. S\u0142owackiego 8 82000 Lw\u00f3w Ukraina tel. kom\u00f3rkowy: +38 097 088 79 00 tel. kom\u00f3rkowy: +38 099 78 77 630 e-mail: posthousehostel@gmail.com Jak nas znale\u017a\u0107? 1) Je\u017celi przyjechali Pa\u0144stwo na dworzec kolejowy, nale\u017cy: \u2013 wsi\u0105\u015b\u0107 do tramwaju \u21161 i dojecha\u0107 do przystanku \u201ePoczta g\u0142\u00f3wna\u201d. Post House Rooms znajduje si\u0119 naprzeciwko g\u0142\u00f3wnego wej\u015bcia do budynku Ukrpoczty &hellip; <a href=\"https:\/\/posthouserooms.com.ua\/pl\/contacts\/\" class=\"more-link\">Czytaj dalej <span class=\"screen-reader-text\">Kontakt<\/span> <span class=\"meta-nav\">&rarr;<\/span><\/a><\/p>\n","protected":false},"author":1,"featured_media":155,"parent":0,"menu_order":0,"comment_status":"closed","ping_status":"closed","template":"","meta":{"footnotes":""},"class_list":["post-11","page","type-page","status-publish","has-post-thumbnail","hentry"],"aioseo_notices":[],"_links":{"self":[{"href":"https:\/\/posthouserooms.com.ua\/pl\/wp-json\/wp\/v2\/pages\/11","targetHints":{"allow":["GET"]}}],"collection":[{"href":"https:\/\/posthouserooms.com.ua\/pl\/wp-json\/wp\/v2\/pages"}],"about":[{"href":"https:\/\/posthouserooms.com.ua\/pl\/wp-json\/wp\/v2\/types\/page"}],"author":[{"embeddable":true,"href":"https:\/\/posthouserooms.com.ua\/pl\/wp-json\/wp\/v2\/users\/1"}],"replies":[{"embeddable":true,"href":"https:\/\/posthouserooms.com.ua\/pl\/wp-json\/wp\/v2\/comments?post=11"}],"version-history":[{"count":58,"href":"https:\/\/posthouserooms.com.ua\/pl\/wp-json\/wp\/v2\/pages\/11\/revisions"}],"predecessor-version":[{"id":1591,"href":"https:\/\/posthouserooms.com.ua\/pl\/wp-json\/wp\/v2\/pages\/11\/revisions\/1591"}],"wp:featuredmedia":[{"embeddable":true,"href":"https:\/\/posthouserooms.com.ua\/pl\/wp-json\/wp\/v2\/media\/155"}],"wp:attachment":[{"href":"https:\/\/posthouserooms.com.ua\/pl\/wp-json\/wp\/v2\/media?parent=11"}],"curies":[{"name":"wp","href":"https:\/\/api.w.org\/{rel}","templated":true}]}}