{"id":1103,"date":"2021-02-15T23:39:23","date_gmt":"2021-02-15T19:39:23","guid":{"rendered":"https:\/\/posthouserooms.com.ua\/?page_id=1103"},"modified":"2025-06-03T11:51:42","modified_gmt":"2025-06-03T07:51:42","slug":"room7-2bdwbath","status":"publish","type":"page","link":"https:\/\/posthouserooms.com.ua\/pl\/rooms\/room7-2bdwbath\/","title":{"rendered":"Economy Post House (prywatna \u0142azienka poza pokojem)"},"content":{"rendered":"<p>Dwa \u0142\u00f3\u017cka pojedyncze, stoliki nocne, stolik i krzes\u0142a, wieszak na odzie\u017c, telewizor, darmowe Wi-Fi, klimatyzacja. Prywatn\u0105 \u0142azienk\u0105 poza pokojem (kabina prysznicowa i toaleta).<\/p>\n<p>Pyszne i znakomite \u015bniadanie r\u00f3wnie\u017c mo\u017cna zam\u00f3wi\u0107 u nas. Cena \u015bniadania \u2013 270 UAH za osob\u0119.<\/p>\n","protected":false},"excerpt":{"rendered":"<p>Dwa \u0142\u00f3\u017cka pojedyncze, stoliki nocne, stolik i krzes\u0142a, wieszak na odzie\u017c, telewizor, darmowe Wi-Fi, klimatyzacja. Prywatn\u0105 \u0142azienk\u0105 poza pokojem (kabina prysznicowa i toaleta). Pyszne i znakomite \u015bniadanie r\u00f3wnie\u017c mo\u017cna zam\u00f3wi\u0107 u nas. Cena \u015bniadania \u2013 270 UAH za osob\u0119.<\/p>\n","protected":false},"author":1,"featured_media":180,"parent":1072,"menu_order":7,"comment_status":"closed","ping_status":"closed","template":"page-templates\/room-preview.php","meta":{"footnotes":""},"class_list":["post-1103","page","type-page","status-publish","has-post-thumbnail","hentry"],"aioseo_notices":[],"_links":{"self":[{"href":"https:\/\/posthouserooms.com.ua\/pl\/wp-json\/wp\/v2\/pages\/1103","targetHints":{"allow":["GET"]}}],"collection":[{"href":"https:\/\/posthouserooms.com.ua\/pl\/wp-json\/wp\/v2\/pages"}],"about":[{"href":"https:\/\/posthouserooms.com.ua\/pl\/wp-json\/wp\/v2\/types\/page"}],"author":[{"embeddable":true,"href":"https:\/\/posthouserooms.com.ua\/pl\/wp-json\/wp\/v2\/users\/1"}],"replies":[{"embeddable":true,"href":"https:\/\/posthouserooms.com.ua\/pl\/wp-json\/wp\/v2\/comments?post=1103"}],"version-history":[{"count":60,"href":"https:\/\/posthouserooms.com.ua\/pl\/wp-json\/wp\/v2\/pages\/1103\/revisions"}],"predecessor-version":[{"id":1722,"href":"https:\/\/posthouserooms.com.ua\/pl\/wp-json\/wp\/v2\/pages\/1103\/revisions\/1722"}],"up":[{"embeddable":true,"href":"https:\/\/posthouserooms.com.ua\/pl\/wp-json\/wp\/v2\/pages\/1072"}],"wp:featuredmedia":[{"embeddable":true,"href":"https:\/\/posthouserooms.com.ua\/pl\/wp-json\/wp\/v2\/media\/180"}],"wp:attachment":[{"href":"https:\/\/posthouserooms.com.ua\/pl\/wp-json\/wp\/v2\/media?parent=1103"}],"curies":[{"name":"wp","href":"https:\/\/api.w.org\/{rel}","templated":true}]}}