{"id":1559,"date":"2023-08-09T20:24:19","date_gmt":"2023-08-09T16:24:19","guid":{"rendered":"https:\/\/posthouserooms.com.ua\/en\/?page_id=1559"},"modified":"2025-06-03T11:52:45","modified_gmt":"2025-06-03T07:52:45","slug":"standard-post-house-2","status":"publish","type":"page","link":"https:\/\/posthouserooms.com.ua\/pl\/rooms\/standard-post-house-2\/","title":{"rendered":"Standard Post House"},"content":{"rendered":"\r\n<p>Podw\u00f3jne \u0142\u00f3\u017cko, stoliki nocne, stolik i krzes\u0142a, szafa, telewizor, darmowe Wi-Fi, kabina prysznicowa i toaleta.<\/p>\r\n<p>Pyszne i znakomite \u015bniadanie r\u00f3wnie\u017c mo\u017cna zam\u00f3wi\u0107 u nas. Cena \u015bniadania \u2013 270 UAH za osob\u0119.<\/p>\r\n","protected":false},"excerpt":{"rendered":"<p>Podw\u00f3jne \u0142\u00f3\u017cko, stoliki nocne, stolik i krzes\u0142a, szafa, telewizor, darmowe Wi-Fi, kabina prysznicowa i toaleta. Pyszne i znakomite \u015bniadanie r\u00f3wnie\u017c mo\u017cna zam\u00f3wi\u0107 u nas. Cena \u015bniadania \u2013 270 UAH za osob\u0119.<\/p>\n","protected":false},"author":2,"featured_media":1107,"parent":1072,"menu_order":4,"comment_status":"closed","ping_status":"closed","template":"page-templates\/room-preview.php","meta":{"footnotes":""},"class_list":["post-1559","page","type-page","status-publish","has-post-thumbnail","hentry"],"aioseo_notices":[],"_links":{"self":[{"href":"https:\/\/posthouserooms.com.ua\/pl\/wp-json\/wp\/v2\/pages\/1559","targetHints":{"allow":["GET"]}}],"collection":[{"href":"https:\/\/posthouserooms.com.ua\/pl\/wp-json\/wp\/v2\/pages"}],"about":[{"href":"https:\/\/posthouserooms.com.ua\/pl\/wp-json\/wp\/v2\/types\/page"}],"author":[{"embeddable":true,"href":"https:\/\/posthouserooms.com.ua\/pl\/wp-json\/wp\/v2\/users\/2"}],"replies":[{"embeddable":true,"href":"https:\/\/posthouserooms.com.ua\/pl\/wp-json\/wp\/v2\/comments?post=1559"}],"version-history":[{"count":10,"href":"https:\/\/posthouserooms.com.ua\/pl\/wp-json\/wp\/v2\/pages\/1559\/revisions"}],"predecessor-version":[{"id":1724,"href":"https:\/\/posthouserooms.com.ua\/pl\/wp-json\/wp\/v2\/pages\/1559\/revisions\/1724"}],"up":[{"embeddable":true,"href":"https:\/\/posthouserooms.com.ua\/pl\/wp-json\/wp\/v2\/pages\/1072"}],"wp:featuredmedia":[{"embeddable":true,"href":"https:\/\/posthouserooms.com.ua\/pl\/wp-json\/wp\/v2\/media\/1107"}],"wp:attachment":[{"href":"https:\/\/posthouserooms.com.ua\/pl\/wp-json\/wp\/v2\/media?parent=1559"}],"curies":[{"name":"wp","href":"https:\/\/api.w.org\/{rel}","templated":true}]}}