{"id":1660,"date":"2024-01-22T22:14:12","date_gmt":"2024-01-22T18:14:12","guid":{"rendered":"https:\/\/posthouserooms.com.ua\/en\/?page_id=1660"},"modified":"2025-06-03T11:41:12","modified_gmt":"2025-06-03T07:41:12","slug":"standard-post-house","status":"publish","type":"page","link":"https:\/\/posthouserooms.com.ua\/pl\/rooms\/standard-post-house\/","title":{"rendered":"Standard Post House"},"content":{"rendered":"<p>Podw\u00f3jne \u0142\u00f3\u017cko, stoliki nocne, stolik i krzes\u0142a, szafa, telewizor, darmowe Wi-Fi, klimatyzacja, kabina prysznicowa i toaleta.<\/p>\r\n<p>Pyszne i znakomite \u015bniadanie r\u00f3wnie\u017c mo\u017cna zam\u00f3wi\u0107 u nas. Cena \u015bniadania \u2013 270 UAH za osob\u0119.<\/p>\r\n","protected":false},"excerpt":{"rendered":"<p>Podw\u00f3jne \u0142\u00f3\u017cko, stoliki nocne, stolik i krzes\u0142a, szafa, telewizor, darmowe Wi-Fi, klimatyzacja, kabina prysznicowa i toaleta. Pyszne i znakomite \u015bniadanie r\u00f3wnie\u017c mo\u017cna zam\u00f3wi\u0107 u nas. Cena \u015bniadania \u2013 270 UAH za osob\u0119.<\/p>\n","protected":false},"author":2,"featured_media":166,"parent":1072,"menu_order":1,"comment_status":"closed","ping_status":"closed","template":"page-templates\/room-preview.php","meta":{"footnotes":""},"class_list":["post-1660","page","type-page","status-publish","has-post-thumbnail","hentry"],"aioseo_notices":[],"_links":{"self":[{"href":"https:\/\/posthouserooms.com.ua\/pl\/wp-json\/wp\/v2\/pages\/1660","targetHints":{"allow":["GET"]}}],"collection":[{"href":"https:\/\/posthouserooms.com.ua\/pl\/wp-json\/wp\/v2\/pages"}],"about":[{"href":"https:\/\/posthouserooms.com.ua\/pl\/wp-json\/wp\/v2\/types\/page"}],"author":[{"embeddable":true,"href":"https:\/\/posthouserooms.com.ua\/pl\/wp-json\/wp\/v2\/users\/2"}],"replies":[{"embeddable":true,"href":"https:\/\/posthouserooms.com.ua\/pl\/wp-json\/wp\/v2\/comments?post=1660"}],"version-history":[{"count":6,"href":"https:\/\/posthouserooms.com.ua\/pl\/wp-json\/wp\/v2\/pages\/1660\/revisions"}],"predecessor-version":[{"id":1699,"href":"https:\/\/posthouserooms.com.ua\/pl\/wp-json\/wp\/v2\/pages\/1660\/revisions\/1699"}],"up":[{"embeddable":true,"href":"https:\/\/posthouserooms.com.ua\/pl\/wp-json\/wp\/v2\/pages\/1072"}],"wp:featuredmedia":[{"embeddable":true,"href":"https:\/\/posthouserooms.com.ua\/pl\/wp-json\/wp\/v2\/media\/166"}],"wp:attachment":[{"href":"https:\/\/posthouserooms.com.ua\/pl\/wp-json\/wp\/v2\/media?parent=1660"}],"curies":[{"name":"wp","href":"https:\/\/api.w.org\/{rel}","templated":true}]}}