{"id":4,"date":"2014-05-26T17:13:03","date_gmt":"2014-05-26T13:13:03","guid":{"rendered":"http:\/\/posthousehostel.com.ua\/?page_id=4"},"modified":"2021-06-26T11:07:01","modified_gmt":"2021-06-26T07:07:01","slug":"about","status":"publish","type":"page","link":"https:\/\/posthouserooms.com.ua\/pl\/about\/","title":{"rendered":"O nas"},"content":{"rendered":"<p>Post House Rooms \u2013 to nowy atrakcyjny, oryginalnie zaprojektowany mini hotel, oferuj\u0105cy \u015bwietne warunki w przyst\u0119pnej cenie. Mamy bardzo dobr\u0105 lokalizacj\u0119 w centrum Lwowa: naprzeciwko gmachu G\u0142\u00f3wnego Urz\u0119du Pocztowego oraz w pobli\u017cu wi\u0119kszo\u015bci g\u0142\u00f3wnych atrakcji turystycznych. Odleg\u0142o\u015b\u0107 od hotelu do Pa\u0142acu Potockich \u2013 oko\u0142o 200 m, do parku im. Iwana Franki \u2013 250 m, do Rynku \u2013 700 m, a do Opery \u2013 850 m.<\/p>\n<p>Post House Rooms oferuje 7 komfortowych pokoi autorskiego projektu.<\/p>\n<p>Zalety naszego hostelu:<br \/>\n\u2022 centralna lokalizacja<br \/>\n\u2022 przyst\u0119pne ceny<br \/>\n\u2022 darmowy, szybki internet Wi-Fi<br \/>\n\u2022 mi\u0142y personal<br \/>\n\u2022 parking przy hostelu<br \/>\n\u2022 klimatyzowane pokoje<br \/>\n\u2022 komfortowe \u0142\u00f3\u017cka oraz wygodne materace<br \/>\n\u2022 telewizory w pokojach<br \/>\n\u2022 sala wypoczynkowa<br \/>\n\u2022 oryginalnie urz\u0105dzone pokoje<\/p>\n<p>Bezp\u0142atne us\u0142ugi dla naszych go\u015bci:<br \/>\n\u2022 codzienne sprz\u0105tanie pokoi<br \/>\n\u2022 ca\u0142kowicie wyposa\u017cona kuchnia (lod\u00f3wka, zmywarka do naczy\u0144, kuchenka mikrofalowa)<br \/>\n\u2022 mapki<br \/>\n\u2022 rezerwacja miejsc w kawiarniach i restauracjach<br \/>\n\u2022 zamawianie taks\u00f3wki<br \/>\n\u2022 informacje turystyczne<\/p>\n<p>Ma\u0142a ciekawostka dla go\u015bci naszego hotelu: budynek, w kt\u00f3rym mie\u015bci si\u0119 hotel, ma znaczn\u0105 warto\u015b\u0107 historyczn\u0105. Swego czasu mieszka\u0142 tutaj znany polski architekt Zygmunt Gorgolewski, autor licznych budowli w Niemczech i Polsce oraz tw\u00f3rca gmachu Teatru Opery we Lwowie.<\/p>\n","protected":false},"excerpt":{"rendered":"<p>Post House Rooms \u2013 to nowy atrakcyjny, oryginalnie zaprojektowany mini hotel, oferuj\u0105cy \u015bwietne warunki w przyst\u0119pnej cenie. Mamy bardzo dobr\u0105 lokalizacj\u0119 w centrum Lwowa: naprzeciwko gmachu G\u0142\u00f3wnego Urz\u0119du Pocztowego oraz w pobli\u017cu wi\u0119kszo\u015bci g\u0142\u00f3wnych atrakcji turystycznych. Odleg\u0142o\u015b\u0107 od hotelu do Pa\u0142acu Potockich \u2013 oko\u0142o 200 m, do parku im. Iwana Franki \u2013 250 m, do &hellip; <a href=\"https:\/\/posthouserooms.com.ua\/pl\/about\/\" class=\"more-link\">Czytaj dalej <span class=\"screen-reader-text\">O nas<\/span> <span class=\"meta-nav\">&rarr;<\/span><\/a><\/p>\n","protected":false},"author":1,"featured_media":154,"parent":0,"menu_order":0,"comment_status":"closed","ping_status":"closed","template":"","meta":{"footnotes":""},"class_list":["post-4","page","type-page","status-publish","has-post-thumbnail","hentry"],"aioseo_notices":[],"_links":{"self":[{"href":"https:\/\/posthouserooms.com.ua\/pl\/wp-json\/wp\/v2\/pages\/4","targetHints":{"allow":["GET"]}}],"collection":[{"href":"https:\/\/posthouserooms.com.ua\/pl\/wp-json\/wp\/v2\/pages"}],"about":[{"href":"https:\/\/posthouserooms.com.ua\/pl\/wp-json\/wp\/v2\/types\/page"}],"author":[{"embeddable":true,"href":"https:\/\/posthouserooms.com.ua\/pl\/wp-json\/wp\/v2\/users\/1"}],"replies":[{"embeddable":true,"href":"https:\/\/posthouserooms.com.ua\/pl\/wp-json\/wp\/v2\/comments?post=4"}],"version-history":[{"count":36,"href":"https:\/\/posthouserooms.com.ua\/pl\/wp-json\/wp\/v2\/pages\/4\/revisions"}],"predecessor-version":[{"id":1348,"href":"https:\/\/posthouserooms.com.ua\/pl\/wp-json\/wp\/v2\/pages\/4\/revisions\/1348"}],"wp:featuredmedia":[{"embeddable":true,"href":"https:\/\/posthouserooms.com.ua\/pl\/wp-json\/wp\/v2\/media\/154"}],"wp:attachment":[{"href":"https:\/\/posthouserooms.com.ua\/pl\/wp-json\/wp\/v2\/media?parent=4"}],"curies":[{"name":"wp","href":"https:\/\/api.w.org\/{rel}","templated":true}]}}